{"id":25,"date":"2022-07-12T17:27:53","date_gmt":"2022-07-12T17:27:53","guid":{"rendered":"http:\/\/www.anninakauppi.fi\/?page_id=25"},"modified":"2025-01-22T13:57:52","modified_gmt":"2025-01-22T11:57:52","slug":"kouluttaja","status":"publish","type":"page","link":"https:\/\/www.anninakauppi.fi\/?page_id=25","title":{"rendered":"Annina Kauppi"},"content":{"rendered":"\n<div class=\"wp-block-group\"><div class=\"wp-block-group__inner-container is-layout-flow wp-block-group-is-layout-flow\">\n<div class=\"wp-block-columns is-layout-flex wp-container-core-columns-is-layout-9d6595d7 wp-block-columns-is-layout-flex\">\n<div class=\"wp-block-column is-layout-flow wp-block-column-is-layout-flow\"><\/div>\n<\/div>\n<\/div><\/div>\n\n\n\n<div class=\"wp-block-columns is-layout-flex wp-container-core-columns-is-layout-9d6595d7 wp-block-columns-is-layout-flex\">\n<div class=\"wp-block-column is-layout-flow wp-block-column-is-layout-flow\" style=\"flex-basis:100%\"><div class=\"wp-block-image is-resized is-style-rounded\">\n<figure class=\"alignright size-large\"><a href=\"https:\/\/www.anninakauppi.fi\/wp-content\/uploads\/2024\/01\/PXL_20231216_1853245925-scaled.jpg\"><img loading=\"lazy\" decoding=\"async\" width=\"707\" height=\"1024\" src=\"https:\/\/www.anninakauppi.fi\/wp-content\/uploads\/2024\/01\/PXL_20231216_1853245925-707x1024.jpg\" alt=\"\" class=\"wp-image-282\" style=\"width:400px\" srcset=\"https:\/\/www.anninakauppi.fi\/wp-content\/uploads\/2024\/01\/PXL_20231216_1853245925-707x1024.jpg 707w, https:\/\/www.anninakauppi.fi\/wp-content\/uploads\/2024\/01\/PXL_20231216_1853245925-207x300.jpg 207w, https:\/\/www.anninakauppi.fi\/wp-content\/uploads\/2024\/01\/PXL_20231216_1853245925-768x1112.jpg 768w, https:\/\/www.anninakauppi.fi\/wp-content\/uploads\/2024\/01\/PXL_20231216_1853245925-1061x1536.jpg 1061w, https:\/\/www.anninakauppi.fi\/wp-content\/uploads\/2024\/01\/PXL_20231216_1853245925-1415x2048.jpg 1415w, https:\/\/www.anninakauppi.fi\/wp-content\/uploads\/2024\/01\/PXL_20231216_1853245925-scaled.jpg 1768w\" sizes=\"auto, (max-width: 707px) 100vw, 707px\" \/><\/a><\/figure><\/div>\n\n\n<p>Olen Vihdiss\u00e4 asuva el\u00e4intenkouluttaja. Erityisen\u00e4 kiinnostuksen kohteenani on arkitottelevaisuus ja erilaiset arjentaidot, koiran kokonaisvaltainen hyvinvointi sek\u00e4 omistajan ja koiran v\u00e4linen suhde.<\/p>\n\n\n\n<p>Olen toiminut kouluttajana koirien parissa yli kymmenen vuotta. <br>Ensin p\u00e4\u00e4toimisesti p\u00e4\u00e4kaupunkiseudulla koirakoulussa 2012-2022 ja sen j\u00e4lkeen yritt\u00e4j\u00e4n\u00e4. T\u00e4ll\u00e4 hetkell\u00e4 teen koulutuksia sivutoimisesti.  Koulutusty\u00f6n ohella toimin el\u00e4inalalla n\u00e4ytt\u00f6arvioijana el\u00e4intenkouluttajien ammattitutkinton\u00e4yt\u00f6iss\u00e4 (Taitotalolle vuodesta 2019-&gt;).<\/p>\n\n\n\n<p>Koulutustaustani<\/p>\n\n\n\n<ul class=\"wp-block-list\">\n<li>El\u00e4intenkouluttajan erikoisammattitutkinto, <br>el\u00e4inten ongelmak\u00e4yt\u00f6s ja k\u00e4yt\u00f6sneuvonta (Taitotalo 2024)<\/li>\n\n\n\n<li>El\u00e4intenkouluttajan ammattitutkinto (Amiedu 2018)<\/li>\n\n\n\n<li>El\u00e4intenhoitaja, kennelpainotus (maatalousalan pt, Kannus 2012)<\/li>\n<\/ul>\n<\/div>\n<\/div>\n\n\n\n<p>Kiinnostukseni el\u00e4inten kouluttamiseen ja k\u00e4ytt\u00e4ytymiseen her\u00e4si jo lapsena omien koirieni my\u00f6t\u00e4. Koirieni (rodultaan coton de tul\u00e9ar, valkoinenpaimenkoira, k\u00e4ytt\u00f6linjainen bordercollie) kanssa olenkin harrastanut ja kokeillut vuosien aikana useampaa lajia, joista p\u00e4\u00e4lajeinamme ovat olleet toko ja pk-haku sek\u00e4 n\u00e4yttelyt. Omat koirani ovat opettaneet minulle paljon ja omakohtaista kokemusta on kertynyt erilaisten lajien, kokeiden ja koiraharrastusten lis\u00e4ksi my\u00f6s tavallisesta arkiel\u00e4m\u00e4st\u00e4 ja sen haasteista aran ja ep\u00e4varman sek\u00e4 kipukoiran kanssa. Olen my\u00f6s kasvattanut yhden pentueen valkoisiapaimenkoiria sek\u00e4 suorittanut Dobo\u00ae-koulutusohjaajakurssin. T\u00e4ll\u00e4 hetkell\u00e4 kotonani tassuttelevat bordercollie Teika sek\u00e4 valkoinenpaimenkoira Kaapo. Teikan kanssa harrastamme tokoa, rally-tokoa ja hoopersia. Kaapo on meille 6kk ik\u00e4isen\u00e4 tullut kodinvaihtaja, jonka kanssa harjoittelemme arjen perustaitoja sek\u00e4 aloittelemme rally-tokoa. <\/p>\n\n\n\n<p>Ajattelen, ett\u00e4 jokainen koira, rodusta ja luonteesta riippumatta, ansaitsee mukavaa tekemist\u00e4 omistajansa kanssa. Koulutuksiini voi osallistua juuri sellaisena kuin on, ilman suorituspaineita.<\/p>\n\n\n\n<p>Omaa osaamistani p\u00e4ivit\u00e4n s\u00e4\u00e4nn\u00f6llisesti erilaisilla luennoilla, kursseilla ja koulutuksissa.<br><br>Kerrothan, kuinka voisin auttaa teit\u00e4!<\/p>\n\n\n\n<div class=\"wp-block-columns is-layout-flex wp-container-core-columns-is-layout-9d6595d7 wp-block-columns-is-layout-flex\"><\/div>\n\n\n\n<p><\/p>\n\n\n\n<p class=\"has-text-color\" style=\"color:#9d806f\">Asiakaspalautetta:<\/p>\n\n\n\n<p class=\"has-text-color\" style=\"color:#9d806f\"><em>&#8221;Opettaja oli innostava ja kannustava. Aina l\u00f6ytyi positiivista sanottavaa, vaikkei heti olisi osattukaan.&#8221;<\/em><\/p>\n\n\n\n<p class=\"has-text-color\" style=\"color:#9d806f\"><em>&#8221;Anninan tyyli opettaa oli mielytt\u00e4v\u00e4 ja varsinkin pennuille sopiva. &#8221;<\/em><\/p>\n\n\n\n<p class=\"has-text-color\" style=\"color:#9d806f\"><em>&#8221;Tunneist\u00e4 j\u00e4i positiivinen fiilis. Annina on loistava opettaja, joka ymm\u00e4rt\u00e4\u00e4 erilaisia koiria ja jotenkin tuntuu aina l\u00f6yt\u00e4v\u00e4n oikeanlaisen harjoituksen ja palkitsemistavan jokaiselle koiralle. Iso suositus kaikille apua tarvitseville!&#8221;&nbsp;<\/em><\/p>\n\n\n\n<p class=\"has-text-color\" style=\"color:#9d806f\"><em>&#8221;Kiitos! Anniina on selke\u00e4, rauhallinen ja ratkaisuja l\u00f6yt\u00e4v\u00e4 kouluttaja.&#8221;<\/em><\/p>\n","protected":false},"excerpt":{"rendered":"<p>Olen Vihdiss\u00e4 asuva el\u00e4intenkouluttaja. Erityisen\u00e4 kiinnostuksen kohteenani on arkitottelevaisuus ja erilaiset arjentaidot, koiran kokonaisvaltainen hyvinvointi sek\u00e4 omistajan ja koiran v\u00e4linen suhde. Olen toiminut kouluttajana koirien parissa yli kymmenen vuotta. Ensin p\u00e4\u00e4toimisesti p\u00e4\u00e4kaupunkiseudulla koirakoulussa 2012-2022 ja sen j\u00e4lkeen yritt\u00e4j\u00e4n\u00e4. T\u00e4ll\u00e4 hetkell\u00e4 teen koulutuksia sivutoimisesti. Koulutusty\u00f6n ohella toimin el\u00e4inalalla n\u00e4ytt\u00f6arvioijana el\u00e4intenkouluttajien ammattitutkinton\u00e4yt\u00f6iss\u00e4 (Taitotalolle vuodesta 2019-&gt;). Koulutustaustani Kiinnostukseni &hellip; <\/p>\n<p class=\"link-more\"><a href=\"https:\/\/www.anninakauppi.fi\/?page_id=25\" class=\"more-link\">Jatka lukemista<span class=\"screen-reader-text\"> &#8221;Annina Kauppi&#8221;<\/span><\/a><\/p>\n","protected":false},"author":1,"featured_media":0,"parent":0,"menu_order":2,"comment_status":"closed","ping_status":"closed","template":"","meta":{"footnotes":""},"class_list":["post-25","page","type-page","status-publish","hentry"],"_links":{"self":[{"href":"https:\/\/www.anninakauppi.fi\/index.php?rest_route=\/wp\/v2\/pages\/25","targetHints":{"allow":["GET"]}}],"collection":[{"href":"https:\/\/www.anninakauppi.fi\/index.php?rest_route=\/wp\/v2\/pages"}],"about":[{"href":"https:\/\/www.anninakauppi.fi\/index.php?rest_route=\/wp\/v2\/types\/page"}],"author":[{"embeddable":true,"href":"https:\/\/www.anninakauppi.fi\/index.php?rest_route=\/wp\/v2\/users\/1"}],"replies":[{"embeddable":true,"href":"https:\/\/www.anninakauppi.fi\/index.php?rest_route=%2Fwp%2Fv2%2Fcomments&post=25"}],"version-history":[{"count":45,"href":"https:\/\/www.anninakauppi.fi\/index.php?rest_route=\/wp\/v2\/pages\/25\/revisions"}],"predecessor-version":[{"id":314,"href":"https:\/\/www.anninakauppi.fi\/index.php?rest_route=\/wp\/v2\/pages\/25\/revisions\/314"}],"wp:attachment":[{"href":"https:\/\/www.anninakauppi.fi\/index.php?rest_route=%2Fwp%2Fv2%2Fmedia&parent=25"}],"curies":[{"name":"wp","href":"https:\/\/api.w.org\/{rel}","templated":true}]}}