{"id":15,"date":"2022-07-12T17:11:20","date_gmt":"2022-07-12T17:11:20","guid":{"rendered":"http:\/\/www.anninakauppi.fi\/?page_id=15"},"modified":"2025-07-23T09:19:39","modified_gmt":"2025-07-23T06:19:39","slug":"koulutuspalvelut","status":"publish","type":"page","link":"https:\/\/www.anninakauppi.fi\/?page_id=15","title":{"rendered":"Koulutuspalvelut"},"content":{"rendered":"\n<p>Koulutuksissani keskityt\u00e4\u00e4n juuri teid\u00e4n toivomiin asioihin, el\u00e4inyst\u00e4v\u00e4llisesti koiran palkitsemiseen perustuvia keinoja k\u00e4ytt\u00e4en. Koulutuksissa noudatetaan <a href=\"https:\/\/www.elaintenkouluttajat.com\/yhdistys\/463-2\/\" data-type=\"URL\" data-id=\"https:\/\/www.elaintenkouluttajat.com\/yhdistys\/463-2\/\" target=\"_blank\" rel=\"noreferrer noopener\">El\u00e4intenkouluttajien eettisi\u00e4 s\u00e4\u00e4nt\u00f6j\u00e4<\/a>.<\/p>\n\n\n\n<h3 class=\"wp-block-heading\"><strong>Yksityiskoulutus<\/strong><\/h3>\n\n\n<div class=\"wp-block-image is-style-rounded\">\n<figure class=\"alignleft size-medium\"><a href=\"https:\/\/www.anninakauppi.fi\/wp-content\/uploads\/2022\/09\/Zilasyksy22.jpg\"><img loading=\"lazy\" decoding=\"async\" width=\"300\" height=\"225\" src=\"https:\/\/www.anninakauppi.fi\/wp-content\/uploads\/2022\/09\/Zilasyksy22-300x225.jpg\" alt=\"\" class=\"wp-image-179\" srcset=\"https:\/\/www.anninakauppi.fi\/wp-content\/uploads\/2022\/09\/Zilasyksy22-300x225.jpg 300w, https:\/\/www.anninakauppi.fi\/wp-content\/uploads\/2022\/09\/Zilasyksy22-1024x768.jpg 1024w, https:\/\/www.anninakauppi.fi\/wp-content\/uploads\/2022\/09\/Zilasyksy22-768x576.jpg 768w, https:\/\/www.anninakauppi.fi\/wp-content\/uploads\/2022\/09\/Zilasyksy22-1536x1151.jpg 1536w, https:\/\/www.anninakauppi.fi\/wp-content\/uploads\/2022\/09\/Zilasyksy22.jpg 1629w\" sizes=\"auto, (max-width: 300px) 100vw, 300px\" \/><\/a><\/figure><\/div>\n\n\n<p>Koiran koulutus on sek\u00e4 koiralle ett\u00e4 omistajalle palkitsevaa ja mukavaa yhteist\u00e4 puuhaa, joka parantaa koiran ja omistajan v\u00e4list\u00e4 suhdetta. Arkiel\u00e4m\u00e4n taidot ovat t\u00e4rkeit\u00e4 ja mahdollistavat sujuvan ja miellytt\u00e4v\u00e4n yhteiselon niin koiranpennun alkutaipaleella kuin varttuneemmankin nelijalkaisen yst\u00e4v\u00e4n kanssa. <\/p>\n\n\n\n<p>Yksityiskoulutuksessa voidaan harjoitella erilaisia taitoja juuri teid\u00e4n toivomistanne aiheista. Aiheena voi olla esimerkiksi parempi kontakti, sujuva hihnak\u00e4yt\u00f6s, koiran ja omistajan v\u00e4linen suhde, erilaiset hoitotoimenpiteet ja k\u00e4sittely, toimiva luopuminen, paikalla odottaminen tai jokin muu taito, johon kaipaat kouluttajan apua. My\u00f6s lajitreenit (n\u00e4yttelyt, toko, rally-toko) onnistuu.<\/p>\n\n\n\n<p>Vapaita aikoja voit kysy\u00e4 minulta s\u00e4hk\u00f6postitse info @ anninakauppi.fi (poista v\u00e4lit)<\/p>\n\n\n\n<h3 class=\"wp-block-heading\"><strong>K\u00e4yt\u00f6shaasteiden ratkonta<\/strong><\/h3>\n\n\n<div class=\"wp-block-image is-style-rounded\">\n<figure class=\"alignleft size-medium\"><a href=\"https:\/\/www.anninakauppi.fi\/wp-content\/uploads\/2022\/09\/Taikuirvistys.jpg\"><img loading=\"lazy\" decoding=\"async\" width=\"300\" height=\"200\" src=\"https:\/\/www.anninakauppi.fi\/wp-content\/uploads\/2022\/09\/Taikuirvistys-300x200.jpg\" alt=\"\" class=\"wp-image-186\" srcset=\"https:\/\/www.anninakauppi.fi\/wp-content\/uploads\/2022\/09\/Taikuirvistys-300x200.jpg 300w, https:\/\/www.anninakauppi.fi\/wp-content\/uploads\/2022\/09\/Taikuirvistys.jpg 720w\" sizes=\"auto, (max-width: 300px) 100vw, 300px\" \/><\/a><\/figure><\/div>\n\n\n<p>Koiran ongelmalliseksi koettu k\u00e4yt\u00f6s, kuten hihnassa r\u00e4hj\u00e4\u00e4minen, ylenpalttinen haukkuminen tai erilaiset pelot aiheuttavat monesti omistajassa h\u00e4pe\u00e4\u00e4 ja ylim\u00e4\u00e4r\u00e4ist\u00e4 stressi\u00e4 sek\u00e4 koiralle ett\u00e4 omistajalle. Siksi on t\u00e4rke\u00e4\u00e4 ja omistajankin hyvinvointia helpottavaa saada apua koiran haastavaan k\u00e4yt\u00f6kseen.<\/p>\n\n\n\n<p>K\u00e4yt\u00f6shaasteet vaativat usein pitk\u00e4j\u00e4nteist\u00e4 ty\u00f6t\u00e4 ja edellytt\u00e4v\u00e4t kaikkien osapuolien sitoutumista. K\u00e4yt\u00f6shaasteiden ratkonta alkaa yleens\u00e4 kartoituksella koiran tilanteesta, hyvinvoinnista ja taustoista, jotta k\u00e4yt\u00f6ksen takana olevat syyt saataisiin mahdollisimman hyvin selville. T\u00e4m\u00e4n j\u00e4lkeen sovitaan tapaaminen, jossa k\u00e4yd\u00e4\u00e4n viel\u00e4 tiivistetysti l\u00e4pi kartoitetut asiat ja aloitetaan koulutus. Olen tukena ja apuna koko koulutusprosessin ajan.<\/p>\n\n\n\n<p>Vapaita aikoja voit kysy\u00e4 minulta s\u00e4hk\u00f6postitse info @ anninakauppi.fi (poista v\u00e4lit)<\/p>\n\n\n\n<h3 class=\"wp-block-heading\" style=\"font-style:normal;font-weight:400\"><strong>Ryhm\u00e4kurssit <\/strong><\/h3>\n\n\n\n<p><br>Ryhm\u00e4kursseja pid\u00e4n t\u00e4ll\u00e4 hetkell\u00e4 Lohjan koirakeskuksella. Katso kurssitarjonta ja alkavat kurssit: <a href=\"https:\/\/www.lohjankoirakeskus.fi\/fi\/profiilit\/47733\/bio\">Lohjan Koirakeskus<\/a> <\/p>\n\n\n\n<p>Onko sinulla mieless\u00e4 jokin aihe, josta toivoisit kurssia? Voit l\u00e4hett\u00e4\u00e4 minulle s\u00e4hk\u00f6postia: info @ anninakauppi.fi (poista v\u00e4lit)<br><\/p>\n\n\n\n<h3 class=\"wp-block-heading\"><strong>Hinnasto<\/strong><\/h3>\n\n\n\n<p>Yksityiskoulutus 75\u20ac\/h tai pakettina 3h 210\u20ac<br><br>K\u00e4yt\u00f6shaasteiden ratkonta<br><br>Ensimm\u00e4inen tapaaminen n.1,5h\/ 135\u20ac<br>sis\u00e4lt\u00e4\u00e4 alkukartoituksen, tapaamisen, kirjalliset ohjeet j\u00e4lkik\u00e4teen s\u00e4hk\u00f6postilla sek\u00e4 koulutuksen etenemisen seurannan. Lis\u00e4ksi saat kouluttajan tuen tapaamisten v\u00e4lill\u00e4.<br><br>Seuraavat k\u00e4ynnit n.1h\/ 75\u20ac<br>sis\u00e4lt\u00e4\u00e4 tapaamisen sek\u00e4 p\u00e4ivitetyt ohjeet s\u00e4hk\u00f6postiin.<br><br>K\u00e4ynteihin lis\u00e4t\u00e4\u00e4n kilometrikorvaus 0,50\u20ac\/km Nummelasta edes takaisin. Hinnat ovat voimassa toistaiseksi. <br><\/p>\n\n\n\n<p class=\"has-small-font-size\">Peruutusehdot:<br><br>Varatun ajan voi peruuttaa s\u00e4hk\u00f6postitse 48h ennen sovittua aikaa. T\u00e4m\u00e4n j\u00e4lkeen tehdyist\u00e4 peruutuksista veloitan 50% varatun ajan hinnasta. Peruutuksen tapahtuessa alle 24h ennen varattua aikaa, veloitetaan hinta kokonaisuudessaan. Koiran tai omistajan sairastuessa \u00e4killisesti ajan voi siirt\u00e4\u00e4 toiseen ajankohtaan, mik\u00e4li esteest\u00e4 on ilmoitettu v\u00e4litt\u00f6m\u00e4sti sen tultua tietoon. <\/p>\n","protected":false},"excerpt":{"rendered":"<p>Koulutuksissani keskityt\u00e4\u00e4n juuri teid\u00e4n toivomiin asioihin, el\u00e4inyst\u00e4v\u00e4llisesti koiran palkitsemiseen perustuvia keinoja k\u00e4ytt\u00e4en. Koulutuksissa noudatetaan El\u00e4intenkouluttajien eettisi\u00e4 s\u00e4\u00e4nt\u00f6j\u00e4. Yksityiskoulutus Koiran koulutus on sek\u00e4 koiralle ett\u00e4 omistajalle palkitsevaa ja mukavaa yhteist\u00e4 puuhaa, joka parantaa koiran ja omistajan v\u00e4list\u00e4 suhdetta. Arkiel\u00e4m\u00e4n taidot ovat t\u00e4rkeit\u00e4 ja mahdollistavat sujuvan ja miellytt\u00e4v\u00e4n yhteiselon niin koiranpennun alkutaipaleella kuin varttuneemmankin nelijalkaisen yst\u00e4v\u00e4n kanssa. &hellip; <\/p>\n<p class=\"link-more\"><a href=\"https:\/\/www.anninakauppi.fi\/?page_id=15\" class=\"more-link\">Jatka lukemista<span class=\"screen-reader-text\"> &#8221;Koulutuspalvelut&#8221;<\/span><\/a><\/p>\n","protected":false},"author":1,"featured_media":0,"parent":0,"menu_order":3,"comment_status":"closed","ping_status":"closed","template":"","meta":{"footnotes":""},"class_list":["post-15","page","type-page","status-publish","hentry"],"_links":{"self":[{"href":"https:\/\/www.anninakauppi.fi\/index.php?rest_route=\/wp\/v2\/pages\/15","targetHints":{"allow":["GET"]}}],"collection":[{"href":"https:\/\/www.anninakauppi.fi\/index.php?rest_route=\/wp\/v2\/pages"}],"about":[{"href":"https:\/\/www.anninakauppi.fi\/index.php?rest_route=\/wp\/v2\/types\/page"}],"author":[{"embeddable":true,"href":"https:\/\/www.anninakauppi.fi\/index.php?rest_route=\/wp\/v2\/users\/1"}],"replies":[{"embeddable":true,"href":"https:\/\/www.anninakauppi.fi\/index.php?rest_route=%2Fwp%2Fv2%2Fcomments&post=15"}],"version-history":[{"count":44,"href":"https:\/\/www.anninakauppi.fi\/index.php?rest_route=\/wp\/v2\/pages\/15\/revisions"}],"predecessor-version":[{"id":320,"href":"https:\/\/www.anninakauppi.fi\/index.php?rest_route=\/wp\/v2\/pages\/15\/revisions\/320"}],"wp:attachment":[{"href":"https:\/\/www.anninakauppi.fi\/index.php?rest_route=%2Fwp%2Fv2%2Fmedia&parent=15"}],"curies":[{"name":"wp","href":"https:\/\/api.w.org\/{rel}","templated":true}]}}