{"id":111,"date":"2022-07-27T13:18:31","date_gmt":"2022-07-27T10:18:31","guid":{"rendered":"https:\/\/www.anninakauppi.fi\/?page_id=111"},"modified":"2025-01-22T14:19:41","modified_gmt":"2025-01-22T12:19:41","slug":"etusivu","status":"publish","type":"page","link":"https:\/\/www.anninakauppi.fi\/?page_id=111","title":{"rendered":"Koulutustavat"},"content":{"rendered":"\n<p>El\u00e4in oppii jatkuvasti l\u00e4pi el\u00e4m\u00e4ns\u00e4, ja kokemukset vaikuttavat el\u00e4imen hyvinvointiin.  <\/p>\n\n\n\n<p>Koulutukseni perustuvat palkitsemiseen ja keski\u00f6ss\u00e4 on koiran hyvinvointi ja sen lis\u00e4\u00e4minen. Koulutusta suunniteltaessa otan huomioon koiran taustat ja sen yksil\u00f6llisen oppimishistorian. El\u00e4int\u00e4 ei miss\u00e4\u00e4n vaiheessa pelotella eik\u00e4 sille tuoteta mink\u00e4\u00e4nlaista kipua, vaan oppiminen perustuu mukavien asioiden lis\u00e4\u00e4miseen.<\/p>\n\n\n\n<p>Jo ennen koulutuksen aloitusta voidaan mietti\u00e4, mik\u00e4 koiraa motivoi eli mit\u00e4 voisimme k\u00e4ytt\u00e4\u00e4 oikeaa k\u00e4yt\u00f6st\u00e4 vahvistavana palkkiona. On my\u00f6s hyv\u00e4 pohtia, p\u00e4\u00e4seek\u00f6 koira toteuttamaan lajityyppillisi\u00e4 k\u00e4ytt\u00e4ytymistarpeitaan eli onko sill\u00e4 mahdollisuuksia olla koiramainen vai tulisiko sille tarjota enemm\u00e4n tilaisuuksia esimerkiksi ruuan etsimiseen, nen\u00e4n k\u00e4ytt\u00f6\u00f6n ja j\u00e4rsimiseen, liikuntaan, tutkimiseen ja kaivamiseen.<\/p>\n\n\n\n<p>Koiran hyvinvointi heijastuu k\u00e4ytt\u00e4ytymiseen. On hyvin tavallista, ett\u00e4 koiran stressi, kipu tai ep\u00e4sopiva ruokavalio n\u00e4kyy koiran k\u00e4ytt\u00e4ytymisen muutoksina ja ei-toivottuna k\u00e4ytt\u00e4ytymisen\u00e4. Kartoitan koiran hyvinvointitekij\u00f6it\u00e4 ja tarkkailen koiran k\u00e4ytt\u00e4ytymist\u00e4 ja ohjaan tarvittaessa muiden el\u00e4inalan ammattilaisten luokse.<\/p>\n\n\n\n<p>Koiran kouluttaminen on prosessi, jossa ei olla koskaan valmiita, vaan opittujen k\u00e4yt\u00f6sten yll\u00e4pit\u00e4minen on koiran el\u00e4m\u00e4nmittainen matka oman ihmisens\u00e4 kanssa. <\/p>\n\n\n\n<p>El\u00e4in oppii k\u00e4ytt\u00e4ytymist\u00e4 v\u00e4litt\u00f6m\u00e4sti seuraavien asioiden my\u00f6t\u00e4 ja toteuttaa jatkossakin itselleen hy\u00f6dylliseksi kokemaansa k\u00e4ytt\u00e4ytymisi\u00e4. Jos esimerkiksi koira haluaa ulos ja ulko-ovi aukeaa istumisen j\u00e4lkeen, istuminen lis\u00e4\u00e4ntyy, koska koira kokee sen itselleen kannattavana.  Kerrostalossa asuva koira, joka j\u00e4nnitt\u00e4\u00e4 vieraita ihmisi\u00e4 tai puolustaa kotia, saattaa kokea kannattavaksi postin jakajan haukkumisen, koska (koiran n\u00e4k\u00f6kulmasta) lehden jakaja jatkaa matkaansa, kun haukkuu tarpeeksi.<\/p>\n\n\n\n<p>Kouluttamisen sanastoa ja lis\u00e4tietoa el\u00e4inten oppimisesta l\u00f6yd\u00e4t <a href=\"https:\/\/www.elaintieto.fi\/\">El\u00e4inten hyvinvointikeskuks EHK<\/a>:n julkaisemasta <a href=\"https:\/\/www.elaintieto.fi\/wp-content\/uploads\/2022\/08\/Ela%CC%88intenOppimisOpas062022.pdf\">El\u00e4inten oppimis oppaasta (pdf)<\/a>.<\/p>\n\n\n\n<p><\/p>\n","protected":false},"excerpt":{"rendered":"<p>El\u00e4in oppii jatkuvasti l\u00e4pi el\u00e4m\u00e4ns\u00e4, ja kokemukset vaikuttavat el\u00e4imen hyvinvointiin. Koulutukseni perustuvat palkitsemiseen ja keski\u00f6ss\u00e4 on koiran hyvinvointi ja sen lis\u00e4\u00e4minen. Koulutusta suunniteltaessa otan huomioon koiran taustat ja sen yksil\u00f6llisen oppimishistorian. El\u00e4int\u00e4 ei miss\u00e4\u00e4n vaiheessa pelotella eik\u00e4 sille tuoteta mink\u00e4\u00e4nlaista kipua, vaan oppiminen perustuu mukavien asioiden lis\u00e4\u00e4miseen. Jo ennen koulutuksen aloitusta voidaan mietti\u00e4, mik\u00e4 koiraa &hellip; <\/p>\n<p class=\"link-more\"><a href=\"https:\/\/www.anninakauppi.fi\/?page_id=111\" class=\"more-link\">Jatka lukemista<span class=\"screen-reader-text\"> &#8221;Koulutustavat&#8221;<\/span><\/a><\/p>\n","protected":false},"author":1,"featured_media":0,"parent":0,"menu_order":0,"comment_status":"closed","ping_status":"closed","template":"","meta":{"footnotes":""},"class_list":["post-111","page","type-page","status-publish","hentry"],"_links":{"self":[{"href":"https:\/\/www.anninakauppi.fi\/index.php?rest_route=\/wp\/v2\/pages\/111","targetHints":{"allow":["GET"]}}],"collection":[{"href":"https:\/\/www.anninakauppi.fi\/index.php?rest_route=\/wp\/v2\/pages"}],"about":[{"href":"https:\/\/www.anninakauppi.fi\/index.php?rest_route=\/wp\/v2\/types\/page"}],"author":[{"embeddable":true,"href":"https:\/\/www.anninakauppi.fi\/index.php?rest_route=\/wp\/v2\/users\/1"}],"replies":[{"embeddable":true,"href":"https:\/\/www.anninakauppi.fi\/index.php?rest_route=%2Fwp%2Fv2%2Fcomments&post=111"}],"version-history":[{"count":12,"href":"https:\/\/www.anninakauppi.fi\/index.php?rest_route=\/wp\/v2\/pages\/111\/revisions"}],"predecessor-version":[{"id":317,"href":"https:\/\/www.anninakauppi.fi\/index.php?rest_route=\/wp\/v2\/pages\/111\/revisions\/317"}],"wp:attachment":[{"href":"https:\/\/www.anninakauppi.fi\/index.php?rest_route=%2Fwp%2Fv2%2Fmedia&parent=111"}],"curies":[{"name":"wp","href":"https:\/\/api.w.org\/{rel}","templated":true}]}}